{"id":3997,"date":"2020-05-27T11:09:15","date_gmt":"2020-05-27T11:09:15","guid":{"rendered":"https:\/\/privato.webtellina.it\/wordpress\/?page_id=3997"},"modified":"2025-02-13T12:40:39","modified_gmt":"2025-02-13T12:40:39","slug":"i-nostri-servizi","status":"publish","type":"page","link":"https:\/\/www.paganini-frutta.ch\/de\/i-nostri-servizi\/","title":{"rendered":"Dienstleistungen"},"content":{"rendered":"<div data-elementor-type=\"wp-page\" data-elementor-id=\"3997\" class=\"elementor elementor-3997\">\n\t\t\t\t\t\t<section class=\"elementor-section elementor-top-section elementor-element elementor-element-04781c9 elementor-section-boxed elementor-section-height-default elementor-section-height-default sc_fly_static\" data-id=\"04781c9\" data-element_type=\"section\" data-settings=\"{&quot;background_background&quot;:&quot;classic&quot;}\">\n\t\t\t\t\t\t<div class=\"elementor-container elementor-column-gap-extended\">\n\t\t\t\t\t<div class=\"elementor-column elementor-col-100 elementor-top-column elementor-element elementor-element-ad1f590 sc_inner_width_none sc_content_align_inherit sc_layouts_column_icons_position_left sc_fly_static\" data-id=\"ad1f590\" data-element_type=\"column\">\n\t\t\t<div class=\"elementor-widget-wrap elementor-element-populated\">\n\t\t\t\t\t\t<div class=\"elementor-element elementor-element-2eb2a70 sc_height_huge sc_fly_static elementor-widget elementor-widget-spacer\" data-id=\"2eb2a70\" data-element_type=\"widget\" data-widget_type=\"spacer.default\">\n\t\t\t\t<div class=\"elementor-widget-container\">\n\t\t\t\t\t<div class=\"elementor-spacer\">\n\t\t\t<div class=\"elementor-spacer-inner\"><\/div>\n\t\t<\/div>\n\t\t\t\t<\/div>\n\t\t\t\t<\/div>\n\t\t\t\t\t<\/div>\n\t\t<\/div>\n\t\t\t\t\t<\/div>\n\t\t<\/section>\n\t\t\t\t<section class=\"elementor-section elementor-top-section elementor-element elementor-element-9967737 elementor-section-boxed elementor-section-height-default elementor-section-height-default sc_fly_static\" data-id=\"9967737\" data-element_type=\"section\">\n\t\t\t\t\t\t<div class=\"elementor-container elementor-column-gap-extended\">\n\t\t\t\t\t<div class=\"elementor-column elementor-col-100 elementor-top-column elementor-element elementor-element-c41d5e9 sc_inner_width_none sc_content_align_inherit sc_layouts_column_icons_position_left sc_fly_static\" data-id=\"c41d5e9\" data-element_type=\"column\">\n\t\t\t<div class=\"elementor-widget-wrap elementor-element-populated\">\n\t\t\t\t\t\t<div class=\"elementor-element elementor-element-2374616 sc_fly_static elementor-widget elementor-widget-trx_sc_title\" data-id=\"2374616\" data-element_type=\"widget\" data-widget_type=\"trx_sc_title.default\">\n\t\t\t\t<div class=\"elementor-widget-container\">\n\t\t\t<div\t\tclass=\"sc_title sc_title_default\" ><h2 class=\"sc_item_title sc_title_title sc_align_center sc_item_title_style_default sc_item_title_tag\"\n\t\t\t><span class=\"sc_item_title_text\">HERAUSRAGEND IN DER LAGERUNG UND <\/span><span class=\"sc_item_title_text2\">DEM INDIVIDUELLEN VERTRIEB VON FR\u00dcCHTEN<\/span><\/h2><\/div>\t\t<\/div>\n\t\t\t\t<\/div>\n\t\t\t\t<div class=\"elementor-element elementor-element-af7a244 sc_fly_static elementor-widget elementor-widget-spacer\" data-id=\"af7a244\" data-element_type=\"widget\" data-widget_type=\"spacer.default\">\n\t\t\t\t<div class=\"elementor-widget-container\">\n\t\t\t\t\t<div class=\"elementor-spacer\">\n\t\t\t<div class=\"elementor-spacer-inner\"><\/div>\n\t\t<\/div>\n\t\t\t\t<\/div>\n\t\t\t\t<\/div>\n\t\t\t\t<div class=\"elementor-element elementor-element-51569e2 sc_fly_static elementor-widget elementor-widget-text-editor\" data-id=\"51569e2\" data-element_type=\"widget\" data-widget_type=\"text-editor.default\">\n\t\t\t\t<div class=\"elementor-widget-container\">\n\t\t\t\t\t\t\t<p>PAGANINI Frutta ist einzigartig f\u00fcr seine innovative Herangehensweise und die qualit\u00e4tsspezifische Aufmerksamkeit in jeder Phase des Lagerungsprozesses und des Vertriebs. Dank unserer modernen Einrichtungen mit kontrollierter Atmosph\u00e4re (CA und DCA), die konstant \u00fcberwacht werden, garantieren wir eine speditive Einlagerung, die eine langfristige Haltbarkeit der Produkte, deren frische und Qualit\u00e4t gew\u00e4hrleistet.<\/p><p>Unsere Transportflotte erm\u00f6glicht es uns alle Kunden schnell und flexibel zu erreichen, ein Garant f\u00fcr p\u00fcnktliche und individuelle Lieferungen. Zudem bieten wir massgeschneiderte Verpackungen an, auf die spezifischen Bed\u00fcrfnisse all unserer Kunden zugeschnitten.<\/p><p>Sich auf PAGANINI Frutta zu verlassen bedeutet einen f\u00e4higen Partner auszuw\u00e4hlen, der logistische Effizienz, modernste Technologien und individuelle en a Dienstleistungen miteinander verbindet , um den verschiedenen marktspezifischen Bed\u00fcrfnissen zu entsprechen.<\/p>\t\t\t\t\t\t<\/div>\n\t\t\t\t<\/div>\n\t\t\t\t<div class=\"elementor-element elementor-element-b7714ff sc_fly_static elementor-widget elementor-widget-spacer\" data-id=\"b7714ff\" data-element_type=\"widget\" data-widget_type=\"spacer.default\">\n\t\t\t\t<div class=\"elementor-widget-container\">\n\t\t\t\t\t<div class=\"elementor-spacer\">\n\t\t\t<div class=\"elementor-spacer-inner\"><\/div>\n\t\t<\/div>\n\t\t\t\t<\/div>\n\t\t\t\t<\/div>\n\t\t\t\t\t<\/div>\n\t\t<\/div>\n\t\t\t\t\t<\/div>\n\t\t<\/section>\n\t\t\t\t<section class=\"elementor-section elementor-top-section elementor-element elementor-element-a302f5c elementor-section-boxed elementor-section-height-default elementor-section-height-default sc_fly_static\" data-id=\"a302f5c\" data-element_type=\"section\">\n\t\t\t\t\t\t<div class=\"elementor-container elementor-column-gap-extended\">\n\t\t\t\t\t<div class=\"elementor-column elementor-col-100 elementor-top-column elementor-element elementor-element-6d8c5a0 sc_inner_width_none sc_content_align_inherit sc_layouts_column_icons_position_left sc_fly_static\" data-id=\"6d8c5a0\" data-element_type=\"column\">\n\t\t\t<div class=\"elementor-widget-wrap elementor-element-populated\">\n\t\t\t\t\t\t<section class=\"elementor-section elementor-inner-section elementor-element elementor-element-7449d9c elementor-section-boxed elementor-section-height-default elementor-section-height-default sc_fly_static\" data-id=\"7449d9c\" data-element_type=\"section\">\n\t\t\t\t\t\t<div class=\"elementor-container elementor-column-gap-extended\">\n\t\t\t\t\t<div class=\"elementor-column elementor-col-100 elementor-inner-column elementor-element elementor-element-b44e684 sc_inner_width_none sc_content_align_inherit sc_layouts_column_icons_position_left sc_fly_static\" data-id=\"b44e684\" data-element_type=\"column\">\n\t\t\t<div class=\"elementor-widget-wrap elementor-element-populated\">\n\t\t\t\t\t\t<div class=\"elementor-element elementor-element-e510533 sc_height_small sc_fly_static elementor-widget elementor-widget-spacer\" data-id=\"e510533\" data-element_type=\"widget\" data-widget_type=\"spacer.default\">\n\t\t\t\t<div class=\"elementor-widget-container\">\n\t\t\t\t\t<div class=\"elementor-spacer\">\n\t\t\t<div class=\"elementor-spacer-inner\"><\/div>\n\t\t<\/div>\n\t\t\t\t<\/div>\n\t\t\t\t<\/div>\n\t\t\t\t<div class=\"elementor-element elementor-element-4be0a39 animation_type_block sc_fly_static elementor-invisible elementor-widget elementor-widget-trx_sc_title\" data-id=\"4be0a39\" data-element_type=\"widget\" data-settings=\"{&quot;_animation&quot;:&quot;ecogrow-fadein&quot;}\" data-widget_type=\"trx_sc_title.default\">\n\t\t\t\t<div class=\"elementor-widget-container\">\n\t\t\t<div\t\tclass=\"sc_title sc_title_default\" ><span class=\"sc_item_subtitle sc_title_subtitle sc_align_center sc_item_subtitle_above sc_item_title_style_default\">UNSERE DIENSTLEISTUNGEN<\/span><h2 class=\"sc_item_title sc_title_title sc_align_center sc_item_title_style_default sc_item_title_tag\"\n\t\t\t><span class=\"sc_item_title_text\">Lagerung, Verpackung Und Logistik<\/span><\/h2><\/div>\t\t<\/div>\n\t\t\t\t<\/div>\n\t\t\t\t<div class=\"elementor-element elementor-element-44e5d1d scheme_default animation_type_sequental sc_fly_static elementor-invisible elementor-widget elementor-widget-trx_sc_icons\" data-id=\"44e5d1d\" data-element_type=\"widget\" data-settings=\"{&quot;_animation&quot;:&quot;ecogrow-fadeinup&quot;,&quot;_animation_delay&quot;:100}\" data-widget_type=\"trx_sc_icons.default\">\n\t\t\t\t<div class=\"elementor-widget-container\">\n\t\t\t<div \tclass=\"sc_icons scheme_default sc_icons_figure sc_icons_size_medium sc_align_center\" ><div class=\"sc_icons_columns_wrap sc_item_columns trx_addons_columns_wrap columns_padding_bottom columns_in_single_row\" ><div class=\"trx_addons_column-1_3\"><div class=\"sc_icons_item\"><div class=\"sc_icons_image\" ><img fetchpriority=\"high\" decoding=\"async\" src=\"\/\/www.paganini-frutta.ch\/wordpress\/wp-content\/uploads\/2024\/06\/Stoccaggio-410x230.png\" alt=\"Icon\" width=\"410\" height=\"230\"><\/div><div class=\"sc_icons_item_details\"><h4 class=\"sc_icons_item_title\"><span>Lagerung<\/span><\/h4><div class=\"sc_icons_item_description\"><span>Eine speditive Einlagerung in unseren modernen Anlagen CA (kontrollierte Atmosph\u00e4re) und DCA (dynamisch kontrollierte Atmosph\u00e4re) permanent \u00fcberwacht, von grundlegender Bedeutung, um die Langzeitlagerung zu gew\u00e4hrleisten.<\/span><\/div><\/div><\/div><\/div><div class=\"trx_addons_column-1_3\"><div class=\"sc_icons_item\"><div class=\"sc_icons_image\" ><img decoding=\"async\" src=\"\/\/www.paganini-frutta.ch\/wordpress\/wp-content\/uploads\/2024\/06\/confezionamento-410x230.png\" alt=\"Icon\" width=\"410\" height=\"230\"><\/div><div class=\"sc_icons_item_details\"><h4 class=\"sc_icons_item_title\"><span>Verpackung<\/span><\/h4><div class=\"sc_icons_item_description\"><span>Die Verpackungen und ihr Inhalt k\u00f6nnen je nach Kundenbed\u00fcrfnis individuell gestaltet werden.<\/span><\/div><\/div><\/div><\/div><div class=\"trx_addons_column-1_3\"><div class=\"sc_icons_item\"><div class=\"sc_icons_image\" ><img decoding=\"async\" src=\"\/\/www.paganini-frutta.ch\/wordpress\/wp-content\/uploads\/2024\/06\/logistica-410x230.png\" alt=\"Icon\" width=\"410\" height=\"230\"><\/div><div class=\"sc_icons_item_details\"><h4 class=\"sc_icons_item_title\"><span>Logistik<\/span><\/h4><div class=\"sc_icons_item_description\"><span>Die firmeneigene Flotte erlaubt es PAGANINI Frutta flexibel und in kurzer Zeit alle Kunden zu erreichen.<\/span><\/div><\/div><\/div><\/div><\/div><\/div><!-- \/.sc_icons -->\t\t<\/div>\n\t\t\t\t<\/div>\n\t\t\t\t<div class=\"elementor-element elementor-element-3f0194f sc_height_huge sc_fly_static elementor-widget elementor-widget-spacer\" data-id=\"3f0194f\" data-element_type=\"widget\" data-widget_type=\"spacer.default\">\n\t\t\t\t<div class=\"elementor-widget-container\">\n\t\t\t\t\t<div class=\"elementor-spacer\">\n\t\t\t<div class=\"elementor-spacer-inner\"><\/div>\n\t\t<\/div>\n\t\t\t\t<\/div>\n\t\t\t\t<\/div>\n\t\t\t\t\t<\/div>\n\t\t<\/div>\n\t\t\t\t\t<\/div>\n\t\t<\/section>\n\t\t\t\t\t<\/div>\n\t\t<\/div>\n\t\t\t\t\t<\/div>\n\t\t<\/section>\n\t\t\t\t<\/div>","protected":false},"excerpt":{"rendered":"<p>Eccellenza nella Conservazione e Distribuzione Personalizzata di Frutta PAGANINI Frutta si distingue per un approccio innovativo e attento alla qualit\u00e0 in ogni fase del processo di conservazione e distribuzione. Grazie&hellip;<\/p>","protected":false},"author":1,"featured_media":0,"parent":0,"menu_order":0,"comment_status":"closed","ping_status":"closed","template":"","meta":{"om_disable_all_campaigns":false,"footnotes":""},"class_list":["post-3997","page","type-page","status-publish","hentry"],"aioseo_notices":[],"_links":{"self":[{"href":"https:\/\/www.paganini-frutta.ch\/de\/wp-json\/wp\/v2\/pages\/3997","targetHints":{"allow":["GET"]}}],"collection":[{"href":"https:\/\/www.paganini-frutta.ch\/de\/wp-json\/wp\/v2\/pages"}],"about":[{"href":"https:\/\/www.paganini-frutta.ch\/de\/wp-json\/wp\/v2\/types\/page"}],"author":[{"embeddable":true,"href":"https:\/\/www.paganini-frutta.ch\/de\/wp-json\/wp\/v2\/users\/1"}],"replies":[{"embeddable":true,"href":"https:\/\/www.paganini-frutta.ch\/de\/wp-json\/wp\/v2\/comments?post=3997"}],"version-history":[{"count":28,"href":"https:\/\/www.paganini-frutta.ch\/de\/wp-json\/wp\/v2\/pages\/3997\/revisions"}],"predecessor-version":[{"id":38229,"href":"https:\/\/www.paganini-frutta.ch\/de\/wp-json\/wp\/v2\/pages\/3997\/revisions\/38229"}],"wp:attachment":[{"href":"https:\/\/www.paganini-frutta.ch\/de\/wp-json\/wp\/v2\/media?parent=3997"}],"curies":[{"name":"wp","href":"https:\/\/api.w.org\/{rel}","templated":true}]}}